{"id":886,"date":"2020-03-19T13:53:18","date_gmt":"2020-03-19T13:53:18","guid":{"rendered":"https:\/\/developer.orthograph.com\/rolunk\/"},"modified":"2025-12-11T11:34:56","modified_gmt":"2025-12-11T11:34:56","slug":"rolunk","status":"publish","type":"page","link":"https:\/\/developer.orthograph.com\/en\/rolunk\/","title":{"rendered":"Abou tUs"},"content":{"rendered":"<p>[et_pb_section fb_built=&#8221;1&#8243; _builder_version=&#8221;4.16&#8243; background_color=&#8221;#ffffff&#8221; background_enable_image=&#8221;off&#8221; background_position=&#8221;bottom_left&#8221; custom_margin=&#8221;||0px||false|false&#8221; custom_padding=&#8221;||0px||false|false&#8221; global_colors_info=&#8221;{}&#8221;][et_pb_row _builder_version=&#8221;4.16&#8243; custom_margin=&#8221;0px||||false|false&#8221; custom_padding=&#8221;0px||40px||false|false&#8221; global_colors_info=&#8221;{}&#8221;][et_pb_column type=&#8221;4_4&#8243; _builder_version=&#8221;4.16&#8243; global_colors_info=&#8221;{}&#8221;][et_pb_text _builder_version=&#8221;4.16&#8243; global_colors_info=&#8221;{}&#8221;]<\/p>\n<h1 class=\"text_center\"> The OrthoGraph Ltd.<\/h1>\n<p>[\/et_pb_text][\/et_pb_column][\/et_pb_row][\/et_pb_section][et_pb_section fb_built=&#8221;1&#8243; _builder_version=&#8221;4.16&#8243; use_background_color_gradient=&#8221;on&#8221; background_color_gradient_direction=&#8221;-90deg&#8221; background_color_gradient_stops=&#8221;#ffffff 50%|#efefef 50%&#8221; background_color_gradient_start=&#8221;#ffffff&#8221; background_color_gradient_start_position=&#8221;50%&#8221; background_color_gradient_end=&#8221;#efefef&#8221; background_color_gradient_end_position=&#8221;0%&#8221; custom_margin=&#8221;0px||0px||false|false&#8221; custom_padding=&#8221;0px||0px||false|false&#8221; global_colors_info=&#8221;{}&#8221;][et_pb_row _builder_version=&#8221;4.16&#8243; custom_margin=&#8221;0px||0px||false|false&#8221; custom_padding=&#8221;0px||0px||false|false&#8221; global_colors_info=&#8221;{}&#8221;][et_pb_column type=&#8221;4_4&#8243; _builder_version=&#8221;4.16&#8243; global_colors_info=&#8221;{}&#8221;][et_pb_image src=&#8221;https:\/\/developer.orthograph.com\/wp-content\/uploads\/2020\/03\/o_circle.jpg&#8221; _builder_version=&#8221;4.16&#8243; max_width=&#8221;125px&#8221; module_alignment=&#8221;center&#8221; custom_margin=&#8221;0px||0px||false|false&#8221; custom_padding=&#8221;0px||0px||false|false&#8221; animation_style=&#8221;roll&#8221; animation_duration=&#8221;500ms&#8221; border_radii=&#8221;on|50%|50%|50%|50%&#8221; border_color_all=&#8221;#ffffff&#8221; global_colors_info=&#8221;{}&#8221;][\/et_pb_image][\/et_pb_column][\/et_pb_row][\/et_pb_section][et_pb_section fb_built=&#8221;1&#8243; _builder_version=&#8221;4.16&#8243; background_color=&#8221;#efefef&#8221; background_enable_image=&#8221;off&#8221; background_position=&#8221;bottom_left&#8221; custom_margin=&#8221;||0px||false|false&#8221; custom_padding=&#8221;||0px||false|false&#8221; global_colors_info=&#8221;{}&#8221;][et_pb_row _builder_version=&#8221;4.16&#8243; custom_margin=&#8221;0px||||false|false&#8221; custom_padding=&#8221;0px||40px||false|false&#8221; global_colors_info=&#8221;{}&#8221;][et_pb_column type=&#8221;4_4&#8243; _builder_version=&#8221;4.16&#8243; global_colors_info=&#8221;{}&#8221;][et_pb_text _builder_version=&#8221;4.16&#8243; global_colors_info=&#8221;{}&#8221;]<\/p>\n<h2 style=\"text-align: center; line-height: 130%; font-size: 32px;\">Company Profile<\/h2>\n<p>[\/et_pb_text][et_pb_text _builder_version=&#8221;4.16&#8243; max_width=&#8221;600px&#8221; module_alignment=&#8221;center&#8221; global_colors_info=&#8221;{}&#8221;]<\/p>\n<p style=\"text-align: left;\"><strong>Sales office:<\/strong><br \/>OrthoGraph GmbH.<\/p>\n<p style=\"text-align: left;\">Tax ID: CHE-182.029.944<br \/> Company Address: Gartenstrasse 7, Zug, Switzerland, 6300<\/p>\n<p style=\"text-align: left;\"><strong>Our development center:<\/strong><br \/>OrthoGraph Ltd.<br \/> OrthoGraph Sz\u00e1m\u00edt\u00e1stechnikai Fejleszt\u0151 Korl\u00e1tolt Felel\u0151ss\u00e9g\u0171 T\u00e1rsas\u00e1g<\/p>\n<p><\/p>\n<p style=\"text-align: left;\">Registration number: 13-09-101767<br \/> VAT ID: 13418414-2-13<br \/> EU VAT ID: HU13418414<br \/> Company Address: Honv\u00e9d utca 49., Pilisszentl\u00e1szl\u00f3, Magyarorsz\u00e1g, 2009<\/p>\n<p><\/p>\n<p style=\"text-align: left;\"><strong>Telefon:<br \/><\/strong>Adam Korbuly: +49 176 766 19 319<br \/> <a href=\"tel:003619990122\">+36 1 999 0122<\/a><br \/> <a href=\"tel:00442034119438\">+44 20 3411 9438<\/a><br \/> <a href=\"tel:0017609331550\">+17 60 933 1550<\/a><\/p>\n<p><\/p>\n<p style=\"text-align: left;\"><strong>E-mail:<\/strong><br \/> <a class=\"linkintext\" href=\"mailto:info@orthograph.com\">info@orthograph.com<\/a><\/p>\n<p>[\/et_pb_text][\/et_pb_column][\/et_pb_row][\/et_pb_section][et_pb_section fb_built=&#8221;1&#8243; fullwidth=&#8221;on&#8221; _builder_version=&#8221;4.16&#8243; global_colors_info=&#8221;{}&#8221;][et_pb_fullwidth_code _builder_version=&#8221;4.16&#8243; global_colors_info=&#8221;{}&#8221;]<\/p>\n<div class=\"fullpict\"><img decoding=\"async\" style=\"margin-top: -20%;\" src=\"\/wp-content\/uploads\/2020\/03\/sketch_floor_plans_on-tablet_bg_s.jpg\"><\/div>\n<p>[\/et_pb_fullwidth_code][\/et_pb_section][et_pb_section fb_built=&#8221;1&#8243; _builder_version=&#8221;4.16&#8243; use_background_color_gradient=&#8221;on&#8221; background_color_gradient_direction=&#8221;0deg&#8221; background_color_gradient_stops=&#8221;#ffffff 50%|#efefef 50%&#8221; background_color_gradient_start=&#8221;#ffffff&#8221; background_color_gradient_start_position=&#8221;50%&#8221; background_color_gradient_end=&#8221;#efefef&#8221; background_color_gradient_end_position=&#8221;0%&#8221; custom_margin=&#8221;0px||0px||false|false&#8221; custom_padding=&#8221;0px||0px||false|false&#8221; global_colors_info=&#8221;{}&#8221;][et_pb_row _builder_version=&#8221;4.16&#8243; custom_margin=&#8221;0px||0px||false|false&#8221; custom_padding=&#8221;0px||0px||false|false&#8221; global_colors_info=&#8221;{}&#8221;][et_pb_column type=&#8221;4_4&#8243; _builder_version=&#8221;4.16&#8243; global_colors_info=&#8221;{}&#8221;][et_pb_image src=&#8221;https:\/\/developer.orthograph.com\/wp-content\/uploads\/2020\/03\/scrolldownarrow2.png&#8221; _builder_version=&#8221;4.16&#8243; background_enable_color=&#8221;off&#8221; max_width=&#8221;125px&#8221; module_alignment=&#8221;center&#8221; custom_margin=&#8221;0px||0px||false|false&#8221; custom_padding=&#8221;0px||0px||false|false&#8221; border_radii=&#8221;on|50%|50%|50%|50%&#8221; border_color_all=&#8221;#272e38&#8243; global_colors_info=&#8221;{}&#8221;][\/et_pb_image][\/et_pb_column][\/et_pb_row][\/et_pb_section][et_pb_section fb_built=&#8221;1&#8243; _builder_version=&#8221;4.16&#8243; background_color=&#8221;#efefef&#8221; use_background_color_gradient=&#8221;on&#8221; background_color_gradient_direction=&#8221;0deg&#8221; background_color_gradient_stops=&#8221;#efefef 50%|#ffffff 50%&#8221; background_color_gradient_start=&#8221;#efefef&#8221; background_color_gradient_start_position=&#8221;50%&#8221; background_color_gradient_end=&#8221;#ffffff&#8221; background_color_gradient_end_position=&#8221;0%&#8221; custom_margin=&#8221;||0px||false|false&#8221; custom_padding=&#8221;|5px|0px||false|false&#8221; global_colors_info=&#8221;{}&#8221;][et_pb_row _builder_version=&#8221;4.16&#8243; custom_margin=&#8221;||0px||false|false&#8221; custom_padding=&#8221;||0px||false|false&#8221; global_colors_info=&#8221;{}&#8221;][et_pb_column type=&#8221;4_4&#8243; _builder_version=&#8221;4.16&#8243; global_colors_info=&#8221;{}&#8221;][et_pb_text _builder_version=&#8221;4.16&#8243; global_colors_info=&#8221;{}&#8221;]<\/p>\n<h3>The OrthoGraph Story<\/h3>\n<p>[\/et_pb_text][et_pb_text _builder_version=&#8221;4.16&#8243; custom_margin=&#8221;||50px||false|false&#8221; global_colors_info=&#8221;{}&#8221;]<\/p>\n<p style=\"text-align: justify;\">The majority of OrthoGraph is owned by\u00a0<a class=\"linkintext\" href=\"https:\/\/www.linkedin.com\/in\/korbuly\/\" target=\"_blank\" rel=\"noopener noreferrer\">Adam Korbuly<\/a>\u00a0and\u00a0<a class=\"linkintext\" href=\"https:\/\/www.linkedin.com\/in\/l%C3%A1szl%C3%B3-t%C3%B3th-94671b1\/\" target=\"_blank\" rel=\"noopener noreferrer\">Laszlo Toth<\/a>, two successful entrepreneurs who founded OrthoGraph in 2004. Adam is an experienced CAFM software specialist, also one of the key founders of\u00a0<a class=\"linkintext\" href=\"http:\/\/www.archifm.net\/\" target=\"_blank\" rel=\"noopener noreferrer\">ArchiFM<\/a>, the leading facility management software system. He started to work at\u00a0<a class=\"linkintext\" href=\"https:\/\/www.graphisoft.com\/\" target=\"_blank\" rel=\"noopener noreferrer\">Graphisoft<\/a>\u00a0in 1998, a company which developed the software called\u00a0<a class=\"linkintext\" href=\"https:\/\/archicad.com\/\" target=\"_blank\" rel=\"noopener noreferrer\">ArchiCAD<\/a>, a leading BIM architectural CAD system. Laszlo has demonstrated experience in enterprise software implementation projects and has worked for several large enterprises over the years.<\/p>\n<p>[\/et_pb_text][\/et_pb_column][\/et_pb_row][et_pb_row column_structure=&#8221;1_2,1_2&#8243; _builder_version=&#8221;4.16&#8243; global_colors_info=&#8221;{}&#8221;][et_pb_column type=&#8221;1_2&#8243; _builder_version=&#8221;4.16&#8243; global_colors_info=&#8221;{}&#8221;][et_pb_image src=&#8221;https:\/\/developer.orthograph.com\/wp-content\/uploads\/2020\/03\/KorbulyAdam3.jpg&#8221; _builder_version=&#8221;4.16&#8243; max_width=&#8221;300px&#8221; module_alignment=&#8221;center&#8221; custom_margin=&#8221;||0px||false|false&#8221; custom_padding=&#8221;||0px||false|false&#8221; global_colors_info=&#8221;{}&#8221;][\/et_pb_image][et_pb_text _builder_version=&#8221;4.16&#8243; custom_margin=&#8221;0px||0px||false|false&#8221; custom_padding=&#8221;10px||0px||false|false&#8221; global_colors_info=&#8221;{}&#8221;]<\/p>\n<p style=\"text-align: center;\"><span style=\"font-size: 18px; font-weight: bold;\">\u00c1d\u00e1m Korbuly<\/span><\/p>\n<p>[\/et_pb_text][\/et_pb_column][et_pb_column type=&#8221;1_2&#8243; _builder_version=&#8221;4.16&#8243; global_colors_info=&#8221;{}&#8221;][et_pb_image src=&#8221;https:\/\/developer.orthograph.com\/wp-content\/uploads\/2020\/03\/LaszloToth3.jpg&#8221; _builder_version=&#8221;4.16&#8243; max_width=&#8221;300px&#8221; module_alignment=&#8221;center&#8221; custom_margin=&#8221;0px||0px||false|false&#8221; custom_padding=&#8221;0px||0px||false|false&#8221; global_colors_info=&#8221;{}&#8221;][\/et_pb_image][et_pb_text _builder_version=&#8221;4.16&#8243; custom_margin=&#8221;0px||0px||false|false&#8221; custom_padding=&#8221;10px||0px||false|false&#8221; global_colors_info=&#8221;{}&#8221;]<\/p>\n<p style=\"text-align: center;\"><span style=\"font-size: 18px; font-weight: bold;\">L\u00e1szl\u00f3 T\u00f3th<\/span><\/p>\n<p>[\/et_pb_text][\/et_pb_column][\/et_pb_row][\/et_pb_section][et_pb_section fb_built=&#8221;1&#8243; _builder_version=&#8221;4.16&#8243; background_color=&#8221;#ffffff&#8221; background_color_gradient_direction=&#8221;0deg&#8221; custom_margin=&#8221;0px||0px||false|false&#8221; custom_padding=&#8221;10px|5px|0px||false|false&#8221; global_colors_info=&#8221;{}&#8221;][et_pb_row _builder_version=&#8221;4.16&#8243; custom_margin=&#8221;||0px||false|false&#8221; custom_padding=&#8221;||0px||false|false&#8221; global_colors_info=&#8221;{}&#8221;][et_pb_column type=&#8221;4_4&#8243; _builder_version=&#8221;4.16&#8243; global_colors_info=&#8221;{}&#8221;][et_pb_text _builder_version=&#8221;4.16&#8243; custom_margin=&#8221;||50px||false|false&#8221; global_colors_info=&#8221;{}&#8221;]With OrthoGraph, we have successfully processed a vast amount of large inventories and building registry projects. The goal of our company is to stay ahead of the curve, so we have brought into existence the most professional building surveying and documentation system. To this day, we constantly enhance OrthoGraph to keep staying on the cutting edge of industry achievements.<\/p>\n<p>OrthoGraph has won several international awards including the App of the Year award of Best in Biz, and in the same year, got awarded with the title \u201cthe most innovative company of the year\u201d. During its development OrthoGraph has also won several other major prizes such as \u201cThe Business of the Year Award with Turnover of \u20ac0-25m\u201d as a national champion at the European Business Awards.<\/p>\n<p>In 2016, OrthoGraph and\u00a0<a class=\"linkintext\" href=\"https:\/\/leica-geosystems.com\/\" target=\"_blank\" rel=\"noopener noreferrer\">Leica Geosystems<\/a>\u00a0stepped into a strategic partnership. In this framework, we have jointly developed a breakthrough product, the Leica BLK360 imaging laser scanner system.[\/et_pb_text][et_pb_image src=&#8221;https:\/\/developer.orthograph.com\/wp-content\/uploads\/2020\/03\/LeicaBLK360_app.png&#8221; _builder_version=&#8221;4.16&#8243; max_width=&#8221;800px&#8221; module_alignment=&#8221;center&#8221; custom_margin=&#8221;||0px||false|false&#8221; custom_padding=&#8221;||0px||false|false&#8221; border_color_all=&#8221;#ffffff&#8221; global_colors_info=&#8221;{}&#8221;][\/et_pb_image][\/et_pb_column][\/et_pb_row][\/et_pb_section][et_pb_section fb_built=&#8221;1&#8243; _builder_version=&#8221;4.16&#8243; background_color=&#8221;#272e38&#8243; background_color_gradient_direction=&#8221;0deg&#8221; custom_margin=&#8221;0px||||false|false&#8221; custom_padding=&#8221;0px||||false|false&#8221; global_colors_info=&#8221;{}&#8221;][et_pb_row _builder_version=&#8221;4.16&#8243; custom_margin=&#8221;||0px||false|false&#8221; custom_padding=&#8221;||0px||false|false&#8221; global_colors_info=&#8221;{}&#8221;][et_pb_column type=&#8221;4_4&#8243; _builder_version=&#8221;4.16&#8243; global_colors_info=&#8221;{}&#8221;][et_pb_text _builder_version=&#8221;4.16&#8243; custom_padding=&#8221;20px||||false|false&#8221; global_colors_info=&#8221;{}&#8221;]<\/p>\n<p style=\"text-align: justify;\"><span style=\"color: #efefef;\">OrthoGraph has always been a BIM technology from its origin. Today, OrthoGraph is the single player in the professional segment, as it focuses not only on building surveying, but it also supports the long-term building operation with up-to-date BIM models. OrthoGraph has established a strategic relationship with most of the key AEC CAD developers. OrthoGraph has been downloaded by more than 160,000 users worldwide. With our technologies, we are fully able to cover all kinds of building documentation technologies.<\/span><\/p>\n<p>[\/et_pb_text][\/et_pb_column][\/et_pb_row][\/et_pb_section][et_pb_section fb_built=&#8221;1&#8243; _builder_version=&#8221;4.16&#8243; background_color=&#8221;#efefef&#8221; custom_margin=&#8221;||0px||false|false&#8221; custom_padding=&#8221;||0px||false|false&#8221; global_colors_info=&#8221;{}&#8221;][et_pb_row _builder_version=&#8221;4.16&#8243; custom_margin=&#8221;0px||0px||false|false&#8221; custom_padding=&#8221;0px||0px||false|false&#8221; global_colors_info=&#8221;{}&#8221;][et_pb_column type=&#8221;4_4&#8243; _builder_version=&#8221;4.16&#8243; global_colors_info=&#8221;{}&#8221;][et_pb_text _builder_version=&#8221;4.16&#8243; global_colors_info=&#8221;{}&#8221;]<\/p>\n<p style=\"text-align: justify;\">OrthoGraph requires several special industry skills to develop its cutting-edge products. <strong>The 5 key competencies that are required to create our product portfolio are:<\/strong><\/p>\n<p>[\/et_pb_text][et_pb_image src=&#8221;https:\/\/developer.orthograph.com\/wp-content\/uploads\/2020\/03\/architosh_og_article_02.png&#8221; _builder_version=&#8221;4.16&#8243; max_width=&#8221;800px&#8221; module_alignment=&#8221;center&#8221; global_colors_info=&#8221;{}&#8221;][\/et_pb_image][et_pb_text _builder_version=&#8221;4.16&#8243; custom_margin=&#8221;||0px||false|false&#8221; custom_padding=&#8221;||0px||false|false&#8221; global_colors_info=&#8221;{}&#8221;]<\/p>\n<div class=\"listintext\">\n<ul>\n<li>\n<ul>\n<li style=\"text-align: justify;\"><strong>CAFM knowledge.<\/strong> It is required to define the content demand to be surveyed that will later serve the long-term building operation.<\/li>\n<li style=\"text-align: justify;\"><strong>AEC CAD knowledge.<\/strong> It is required to provide the proper way of graphical surveying and data management.<\/li>\n<li style=\"text-align: justify;\"><strong>Building Surveying knowledge<\/strong> and experience are required, so that one can establish the proper workflow when it comes to on-site floor plan creation.<\/li>\n<li style=\"text-align: justify;\"><strong>Hardware-related integration and development knowledge.<\/strong>. They are required to build up and utilize most out of the available surveying hardware portfolio.<\/li>\n<li style=\"text-align: justify;\">And finally, system <strong>integration knowledge and experience <\/strong> are required, since OrthoGraph is meant to be a strong, integrated part of building operation systems.<\/li>\n<\/ul>\n<\/li>\n<\/ul>\n<\/div>\n<p>[\/et_pb_text][\/et_pb_column][\/et_pb_row][\/et_pb_section][et_pb_section fb_built=&#8221;1&#8243; _builder_version=&#8221;4.16&#8243; custom_margin=&#8221;0px||20px||false|false&#8221; custom_padding=&#8221;0px||0px||false|false&#8221; global_colors_info=&#8221;{}&#8221;][et_pb_row _builder_version=&#8221;4.16&#8243; global_colors_info=&#8221;{}&#8221;][et_pb_column type=&#8221;4_4&#8243; _builder_version=&#8221;4.16&#8243; global_colors_info=&#8221;{}&#8221;][et_pb_text _builder_version=&#8221;4.16&#8243; global_colors_info=&#8221;{}&#8221;]<\/p>\n<p style=\"text-align: justify; font-weight: bold; font-size: 140%;\">All these skills that we have make OrthoGraph a best-in-class BIM operational ecosystem that is unparalleled on the market as of today.<\/p>\n<p>[\/et_pb_text][\/et_pb_column][\/et_pb_row][\/et_pb_section][et_pb_section fb_built=&#8221;1&#8243; module_id=&#8221;kapocs&#8221; _builder_version=&#8221;4.0.11&#8243; background_color=&#8221;#ffffff&#8221; custom_padding=&#8221;0px||||false|false&#8221; global_module=&#8221;751&#8243; saved_tabs=&#8221;all&#8221; global_colors_info=&#8221;{}&#8221;][et_pb_row _builder_version=&#8221;4.16&#8243; background_color=&#8221;#a35260&#8243; use_background_color_gradient=&#8221;on&#8221; background_color_gradient_direction=&#8221;90deg&#8221; background_color_gradient_stops=&#8221;#5e4890 0%|#b75552 100%&#8221; background_color_gradient_start=&#8221;#5e4890&#8243; background_color_gradient_end=&#8221;#b75552&#8243; custom_margin=&#8221;0px||||false|false&#8221; custom_padding=&#8221;0px|20px|0px|20px|false|false&#8221; global_colors_info=&#8221;{}&#8221;][et_pb_column type=&#8221;4_4&#8243; _builder_version=&#8221;4.16&#8243; global_colors_info=&#8221;{}&#8221;][et_pb_text _builder_version=&#8221;4.16&#8243; module_alignment=&#8221;left&#8221; custom_padding=&#8221;20px|10px|0px|10px|false|false&#8221; global_colors_info=&#8221;{}&#8221;]<\/p>\n<p style=\"text-align: center; color: white;  font-size: 150%; font-weight: 400;\">If you are planning to establish a new company, product or software technology, and you need my professional experience or our development resources, then please feel free to contact me.<\/p>\n<p>[\/et_pb_text][et_pb_button button_url=&#8221;https:\/\/calendar.app.google\/LanPHUbeiox5iKnK9&#8243; button_text=&#8221;Schedule an appointment for an on-line meeting with right into my calendar by clicking here&#8221; _builder_version=&#8221;4.16&#8243; custom_button=&#8221;on&#8221; button_text_color=&#8221;#272e38&#8243; button_bg_color=&#8221;#ffffff&#8221; button_border_width=&#8221;0px&#8221; button_border_radius=&#8221;10px&#8221; button_font=&#8221;Titillium Web|700||on|||||&#8221; custom_margin=&#8221;0px|0px|0px|0px|false|false&#8221; custom_padding=&#8221;10px|10px|10px|10px|false|false&#8221; custom_css_main_element=&#8221;display: block; margin: auto; width: 100%; text-align: center;&#8221; box_shadow_style=&#8221;preset3&#8243; global_colors_info=&#8221;{}&#8221;][\/et_pb_button][et_pb_image src=&#8221;https:\/\/developer.orthograph.com\/wp-content\/uploads\/2020\/03\/kezfogas.png&#8221; url=&#8221;https:\/\/calendar.app.google\/LanPHUbeiox5iKnK9&#8243; _builder_version=&#8221;4.16&#8243; max_width=&#8221;100px&#8221; module_alignment=&#8221;center&#8221; custom_margin=&#8221;15px||5px||false|false&#8221; custom_padding=&#8221;0px||0px||false|false&#8221; global_colors_info=&#8221;{}&#8221;][\/et_pb_image][et_pb_text _builder_version=&#8221;4.16&#8243; module_alignment=&#8221;left&#8221; custom_padding=&#8221;10px|10px|30px|10px|false|false&#8221; global_colors_info=&#8221;{}&#8221;]<\/p>\n<p style=\"text-align: center; color: white; font-size: 150%; font-weight: bold;\">or by phone: +49 176 766 19 319.<\/p>\n<p>[\/et_pb_text][\/et_pb_column][\/et_pb_row][\/et_pb_section][et_pb_section fb_built=&#8221;1&#8243; _builder_version=&#8221;4.16&#8243; background_color=&#8221;#efefef&#8221; height=&#8221;50px&#8221; custom_margin=&#8221;0px||0px||false|false&#8221; custom_padding=&#8221;0px||0px||false|false&#8221; global_colors_info=&#8221;{}&#8221;][\/et_pb_section][et_pb_section fb_built=&#8221;1&#8243; _builder_version=&#8221;4.16&#8243; use_background_color_gradient=&#8221;on&#8221; background_color_gradient_direction=&#8221;90deg&#8221; background_color_gradient_stops=&#8221;#efefef 50%|#272e38 50%&#8221; background_color_gradient_start=&#8221;#efefef&#8221; background_color_gradient_start_position=&#8221;50%&#8221; background_color_gradient_end=&#8221;#272e38&#8243; background_color_gradient_end_position=&#8221;0%&#8221; custom_margin=&#8221;0px||0px||false|false&#8221; custom_padding=&#8221;0px||0px||false|false&#8221; global_colors_info=&#8221;{}&#8221;][et_pb_row _builder_version=&#8221;4.16&#8243; custom_margin=&#8221;0px||0px||false|false&#8221; custom_padding=&#8221;0px||0px||false|false&#8221; global_colors_info=&#8221;{}&#8221;][et_pb_column type=&#8221;4_4&#8243; _builder_version=&#8221;4.16&#8243; global_colors_info=&#8221;{}&#8221;][et_pb_image src=&#8221;https:\/\/developer.orthograph.com\/wp-content\/uploads\/2020\/03\/enterprise_o.jpg&#8221; _builder_version=&#8221;4.16&#8243; max_width=&#8221;125px&#8221; module_alignment=&#8221;center&#8221; custom_margin=&#8221;0px||0px||false|false&#8221; custom_padding=&#8221;0px||0px||false|false&#8221; border_radii=&#8221;on|50%|50%|50%|50%&#8221; border_width_all=&#8221;3px&#8221; border_color_all=&#8221;#efefef&#8221; global_colors_info=&#8221;{}&#8221;][\/et_pb_image][\/et_pb_column][\/et_pb_row][\/et_pb_section][et_pb_section fb_built=&#8221;1&#8243; _builder_version=&#8221;4.16&#8243; background_color=&#8221;#272e38&#8243; custom_margin=&#8221;0px||0px||false|false&#8221; custom_padding=&#8221;0px||0px||false|false&#8221; global_colors_info=&#8221;{}&#8221;][et_pb_row _builder_version=&#8221;4.16&#8243; custom_margin=&#8221;||||false|false&#8221; custom_padding=&#8221;||||false|false&#8221; global_colors_info=&#8221;{}&#8221;][et_pb_column type=&#8221;4_4&#8243; _builder_version=&#8221;4.16&#8243; global_colors_info=&#8221;{}&#8221;][et_pb_text _builder_version=&#8221;4.16&#8243; global_colors_info=&#8221;{}&#8221;]<\/p>\n<div class=\"greytext\">OrthoGraph <span class=\"redtext\">Developer<\/span> Services<\/div>\n<p>[\/et_pb_text][\/et_pb_column][\/et_pb_row][\/et_pb_section]<\/p>\n","protected":false},"excerpt":{"rendered":"<p>The OrthoGraph Ltd.Company ProfileSales office:OrthoGraph GmbH.Tax ID: CHE-182.029.944 Company Address: Gartenstrasse 7, Zug, Switzerland, 6300Our development center:OrthoGraph Ltd. OrthoGraph Sz\u00e1m\u00edt\u00e1stechnikai Fejleszt\u0151 Korl\u00e1tolt Felel\u0151ss\u00e9g\u0171 T\u00e1rsas\u00e1gRegistration number: 13-09-101767 VAT ID: 13418414-2-13 EU VAT ID: HU13418414 Company Address: Honv\u00e9d utca 49., Pilisszentl\u00e1szl\u00f3, Magyarorsz\u00e1g, 2009Telefon:Adam Korbuly: +49 176 766 19 319 +36 1 999 0122 +44 20 3411 9438 [&hellip;]<\/p>\n","protected":false},"author":3,"featured_media":0,"parent":0,"menu_order":0,"comment_status":"closed","ping_status":"closed","template":"","meta":{"_et_pb_use_builder":"on","_et_pb_old_content":"","_et_gb_content_width":"","footnotes":""},"class_list":["post-886","page","type-page","status-publish","hentry"],"aioseo_notices":[],"_links":{"self":[{"href":"https:\/\/developer.orthograph.com\/en\/wp-json\/wp\/v2\/pages\/886","targetHints":{"allow":["GET"]}}],"collection":[{"href":"https:\/\/developer.orthograph.com\/en\/wp-json\/wp\/v2\/pages"}],"about":[{"href":"https:\/\/developer.orthograph.com\/en\/wp-json\/wp\/v2\/types\/page"}],"author":[{"embeddable":true,"href":"https:\/\/developer.orthograph.com\/en\/wp-json\/wp\/v2\/users\/3"}],"replies":[{"embeddable":true,"href":"https:\/\/developer.orthograph.com\/en\/wp-json\/wp\/v2\/comments?post=886"}],"version-history":[{"count":25,"href":"https:\/\/developer.orthograph.com\/en\/wp-json\/wp\/v2\/pages\/886\/revisions"}],"predecessor-version":[{"id":1373,"href":"https:\/\/developer.orthograph.com\/en\/wp-json\/wp\/v2\/pages\/886\/revisions\/1373"}],"wp:attachment":[{"href":"https:\/\/developer.orthograph.com\/en\/wp-json\/wp\/v2\/media?parent=886"}],"curies":[{"name":"wp","href":"https:\/\/api.w.org\/{rel}","templated":true}]}}